{"id":146,"date":"2018-10-04T09:14:50","date_gmt":"2018-10-04T09:14:50","guid":{"rendered":"https:\/\/dogmatix-hildesheim.de\/?page_id=146"},"modified":"2022-01-11T20:47:07","modified_gmt":"2022-01-11T18:47:07","slug":"agb","status":"publish","type":"page","link":"https:\/\/dogmatix-hildesheim.de\/?page_id=146","title":{"rendered":"AGB"},"content":{"rendered":"<p><strong>Allgemeines<\/strong><\/p>\n<p>Diese AGB\u2018s gelten uneingeschr\u00e4nkt f\u00fcr die Dienstleistungen von Dogmatix Hundetraining Hildesheim.<\/p>\n<p><strong>1. Geltungsbereich<\/strong><\/p>\n<p>Vertragsgegenstand sind Einzeltraining, Gruppenkurse, Seminare, Aktivit\u00e4ten und Veranstaltungen f\u00fcr Mensch und Hund.<br \/>\nVor dem Kauf \/Teilnahme eines Training(etc.) k\u00f6nnen Sie sich im Vorfeld beraten lassen. Ob die gew\u00fcnschten Trainingsziele erreicht werden, ist abh\u00e4ngig von der Mitarbeit\/Motivation des Hundehalters.<\/p>\n<p><strong>2. Teilnahmebedingungen<\/strong><\/p>\n<p>Die Teilnahme an Kursen\/Training ist nur f\u00fcr Hunde erlaubt, welche einen vollst\u00e4ndigen Impfschutz(Impfausweis ben\u00f6tigt) und eine Haftpflichtversicherung vorweisen k\u00f6nnen. Ebenfalls sollte der Hund in einem guten gesundheitlichen Zustand sein, hat der Hund Erkrankungen sind diese vor dem Training mitzuteilen. Ebenfalls sind bekannte Verhaltensauff\u00e4lligkeiten(z.B. Aggressivit\u00e4t) des Hundes durch den Halter zu melden. Wird dies nicht getan, kann der Halter\/Hund ohne Begr\u00fcndung ausgeschlossen werden. Dogmatix Hundetraining Hildesheim beh\u00e4lt sich das Recht vor, Menschen\/Hunde ohne eine Begr\u00fcndung die Teilnahme an Aktivit\u00e4ten zu verwehren oder abzulehnen.<\/p>\n<p><strong>3. Vertrag\/Anmeldung<\/strong><\/p>\n<p>Zur Teilnahme an einem Trainingskurs ist die Anmeldung \u00fcber das Anmeldeformular auf dogmatix-hildesheim.de zwingend erforderlich. Der Vertrag kommt zustande, indem der Kunde seine pers\u00f6nlichen Daten in das Formular eingibt und diese durch Best\u00e4tigung des &#8222;Kostenpflichtig Anmelden&#8220;-Buttons an dogmatix-hildesheim.de \u00fcbermittelt. Der Kunde erh\u00e4lt eine Best\u00e4tigung zur Anmeldung des von Ihm ausgew\u00e4hlten Trainingskurses. Mit der entsprechenden \u00dcbermittlung verpflichtet sich der Kunde, die f\u00fcr den jeweiligen Trainingskurs angegebenen Kursbeitr\u00e4ge innerhalb von 14 Tagen, sp\u00e4testens jedoch bis zu Beginn des gew\u00e4hlten Trainingskurses, auf das Konto der Betreiberin zu \u00fcberweisen oder den Betrag in Bar zu begleichen.<\/p>\n<p>F\u00fcr das Einzeltraining muss sich der Kunde nur einmalig registrieren. M\u00f6chte ein Kunde an mehreren Gruppenkursen teilnehmen, so muss er sich \u00fcber das Anmeldeformular f\u00fcr jeden gew\u00fcnschten Kurs einzeln anmelden.<\/p>\n<p>Mit der \u00dcbermittlung der Kundendaten \u00fcber das Kontaktformular kommt ein verbindlicher Vertrag zwischen der Betreiberin und dem Kunden zustande. Ein R\u00fccktritt vom Vertrag ist unter den in Nr. 5 der Allgemeinen Gesch\u00e4ftsbedingungen geregelten Bedingungen m\u00f6glich.<\/p>\n<p><strong>4. 5er und 8er Karten<\/strong><\/p>\n<p>Diese Karten berechtigten den Inhaber zur Nutzung von 5 Gruppenstunden oder 8 Gruppenstunden. Das Kopieren oder Weiterverkaufen der Karten ist nicht erlaubt, besteht der Verdacht k\u00f6nnen die Karten ihren Wert verlieren und abgelehnt werden. Die Karten sind ab dem Kaufdatum sechs Monate g\u00fcltig, werden sie in diesem Zeitraum nicht eingel\u00f6st, verlieren die Karten ihren Wert. Eine Auszahlung ist ausgeschlossen.<\/p>\n<p><strong>5. Kosten<\/strong><\/p>\n<p>Vereinbarte individuelle Termine mit dem Teilnehmer und Dogmatix Hundetraining Hildesheim m\u00fcssen mindestens 24 Stunden vorher durch den Teilnehmer abgesagt werden. Geschieht dies zu einem sp\u00e4teren Zeitpunkt, wird der Termin in vollem Umfang berechnet. Bei m\u00fcndlicher oder schriftlicher Zusage f\u00fcr eine Trainingsstunde gelten Termine f\u00fcr den Teilnehmer und Dogmatix Hildesheim als verbindlich. Die Trainingsstunden finden grunds\u00e4tzlich bei jedem Wetter statt. Sollten die Wetterbedingungen jedoch unzumutbar oder f\u00fcr das Trainingsziel nicht f\u00f6rderlich sein, kann die Trainingsstunde auch kurzfristig von Dogmatix Hundetraining Hildesheim abgesagt werden.<\/p>\n<p>Kosten f\u00fcr die Teilnahme an einer Veranstaltung (Training, Gruppenstunde, etc.) sind vor dem Beginn auf das angegebene Konto oder in bar zu bezahlen. Die Kosten k\u00f6nnen vorher beim Veranstalter Dogmatix Hundetraining Hildesheim erfragt werden.<br \/>\nIm Falle des R\u00fccktritts durch den Teilnehmer werden von Dogmatix Hundetraining Hildesheim f\u00fcr bereits angefallene<br \/>\nAufwendungen\/Erwerbsausfall nachstehende Stornierungskosten in Rechnung gestellt.<br \/>\nSie betragen in Abh\u00e4ngigkeit von der R\u00fccktrittserkl\u00e4rung:<\/p>\n<p>-bis zwei Wochen vor Beginn des Leistungstermins 30% der Teilnahmegeb\u00fchr<\/p>\n<p>-bis eine Woche vor Beginn des Leistungstermins 50% der Teilnahmegeb\u00fchr<\/p>\n<p>-ab einer Woche vor Beginn des Leistungstermins erfolgt keine R\u00fcckerstattung der Teilnahmegeb\u00fchr<\/p>\n<p>Eine Erstattung von Geb\u00fchren f\u00fcr nicht in Anspruch genommene Leistungen ist ausgeschlossen.<br \/>\nErstattet wird die Geb\u00fchr nur, wenn die Veranstaltung durch Dogmatix Hundetraining Hildesheim abgesagt wird oder die vertragliche Leistung nicht erbracht wird. Eine Erstattung zus\u00e4tzlicher Kosten jeglicher Art z.B. Anfahrt, \u00dcbernachtung, Dienstausfall usw. ist ausgeschlossen.<\/p>\n<p>F\u00fcr das Einzeltraining wird neben der Anmeldegeb\u00fchr eine Fahrtkostenpauschale in H\u00f6he von 0,30\u20ac je zur\u00fcckgelegtem Kilometer auf die Hin- und R\u00fcckfahrtstrecke erhoben.<\/p>\n<p><strong>6. Haftung<\/strong><\/p>\n<p>Die Teilnahme erfolgt auf eigene Gefahr. Die Tiere sind grunds\u00e4tzlich so zu halten, dass eine Gef\u00e4hrdung von Menschen und Tieren ausgeschlossen werden kann. Der Veranstalter Dogmatix Hundetraining Hildesheim haftet nicht f\u00fcr Sch\u00e4den, die von Dritten und\/oder deren Hunden verursacht wurden. F\u00fcr Sch\u00e4den durch sein Tier haftet der Halter. Auch f\u00fcr Sch\u00e4den jeglicher Art, die durch den Teilnehmer oder seine Begleitpersonen verursacht werden, haftet der Teilnehmer. Der Teilnehmer verzichtet auf jegliche Haftungsanspr\u00fcche gegen\u00fcber dem Veranstalter Dogmatix Hundetraining Hildesheim au\u00dfer der Schaden beruht auf vors\u00e4tzlichem oder grob fahrl\u00e4ssigem Verhalten des Veranstalters oder seiner Erf\u00fcllungsgehilfen. Zudem wird keine Haftung \u00fcbernommen f\u00fcr m\u00f6gliche Sch\u00e4den, die durch unsachgem\u00e4\u00dfe Anwendung der Trainingsanweisungen oder durch vom Teilnehmer selbst getroffene Handlungen und Entscheidungen entstehen.<\/p>\n<p>Der Veranstalter Dogmatix Hundetraining Hildesheim ist nicht verpflichtet, sich auf die Geltendmachung ihrer Anspr\u00fcche gegen\u00fcber der Versicherung verweisen zu lassen.<\/p>\n<p><strong>7. Mitwirkungspflicht<\/strong><\/p>\n<p>Den Anweisungen des Personals sind Folge zu leisten damit das Training\/die Veranstaltung ohne Komplikationen statt finden kann. Werden die Anweisungen missachtet oder absichtlich falsch ausgef\u00fchrt, kann Dogmatix Hundetaining Hildesheim den Teilnehmer ausschlie\u00dfen. Kosten werden in diesem Fall nicht erstattet. Beanstandungen sind sofort, unter Angabe der Umst\u00e4nde, des Hergangs bzw. der entstandenen Sch\u00e4den Dogmatix Hundetraining Hildesheim gegen\u00fcber mitzuteilen. Nach Beendigung des Leistungsanspruches sind jegliche Anspr\u00fcche ausgeschlossen.<\/p>\n<p><strong>8. Film- und Tonaufnahmen<\/strong><\/p>\n<p>Durch die Anmeldung an einer Veranstaltung\/einer Trainingsstunde erkl\u00e4rt der Teilnehmer seine Zustimmung zur Speicherung von personenbezogenen Daten. Auch d\u00fcrfen aufgenommene Film\/Fotoaufnahmen auf Veranstaltungen von dem Teilnehmer und seinen Hunden durch Dogmatix Hundetraining Hildesheim ver\u00f6ffentlicht werden. Das aufgenommene Material wird themengebunden f\u00fcr Werbung auf der Homepage, Facebook und f\u00fcr Flyer genutzt. Der Teilnehmer verzichtet auf die Geltendmachung jeglicher Verg\u00fctung. Aufnahmen (Foto\/Film) von Seiten des Teilnehmers w\u00e4hrend eines Trainings oder einer Veranstaltung von Dogmatix Hundetraning Hildesheim sind nicht gestattet. W\u00fcnscht der Teilnehmer keine Ver\u00f6ffentlichung von Film- und\/oder Tonaufnahmen seiner Person, so hat er dies schriftlich mitzuteilen.<\/p>\n<p><strong>9. Verj\u00e4hrung von Anspr\u00fcchen<\/strong><\/p>\n<p>Entsprechend der gesetzlichen Richtlinien des BGB verj\u00e4hren Anspr\u00fcche gegen Dogmatix Hundetraining Hildesheim .<\/p>\n<p><strong>10. Unwirksamkeit und Vorbehalt<\/strong><\/p>\n<p>Die Unwirksamkeit einzelner Vertragsinhalte hat nicht die Unwirksamkeit des Vertrages zur Folge. Eine Berichtigung von Irrt\u00fcmern, Druck- und Rechenfehlern bleibt nur Dogmatix Hundetraining Hildesheim vorbehalten.<\/p>\n<p><strong>11. Gerichtsstand<\/strong><\/p>\n<p>Alle Rechtsanspr\u00fcche, die sich aus einem bestehenden Vertrag ergeben, sind beim zust\u00e4ndigen Amtsgericht\/Landgericht geltend zu machen. Gerichtsstand ist Hildesheim.<\/p>\n<p><em>Stand 07\/2019 \u2013 Dogmatix Hundetraining Hildesheim<\/em><\/p>\n","protected":false},"excerpt":{"rendered":"Allgemeines Diese AGB\u2018s gelten uneingeschr\u00e4nkt f\u00fcr die Dienstleistungen von Dogmatix Hundetraining Hildesheim. 1. [&hellip;]","protected":false},"author":1,"featured_media":0,"parent":0,"menu_order":0,"comment_status":"closed","ping_status":"closed","template":"","meta":{"footnotes":""},"class_list":["post-146","page","type-page","status-publish","hentry"],"_links":{"self":[{"href":"https:\/\/dogmatix-hildesheim.de\/index.php?rest_route=\/wp\/v2\/pages\/146","targetHints":{"allow":["GET"]}}],"collection":[{"href":"https:\/\/dogmatix-hildesheim.de\/index.php?rest_route=\/wp\/v2\/pages"}],"about":[{"href":"https:\/\/dogmatix-hildesheim.de\/index.php?rest_route=\/wp\/v2\/types\/page"}],"author":[{"embeddable":true,"href":"https:\/\/dogmatix-hildesheim.de\/index.php?rest_route=\/wp\/v2\/users\/1"}],"replies":[{"embeddable":true,"href":"https:\/\/dogmatix-hildesheim.de\/index.php?rest_route=%2Fwp%2Fv2%2Fcomments&post=146"}],"version-history":[{"count":8,"href":"https:\/\/dogmatix-hildesheim.de\/index.php?rest_route=\/wp\/v2\/pages\/146\/revisions"}],"predecessor-version":[{"id":837,"href":"https:\/\/dogmatix-hildesheim.de\/index.php?rest_route=\/wp\/v2\/pages\/146\/revisions\/837"}],"wp:attachment":[{"href":"https:\/\/dogmatix-hildesheim.de\/index.php?rest_route=%2Fwp%2Fv2%2Fmedia&parent=146"}],"curies":[{"name":"wp","href":"https:\/\/api.w.org\/{rel}","templated":true}]}}