{"id":55,"date":"2018-09-17T07:42:15","date_gmt":"2018-09-17T07:42:15","guid":{"rendered":"https:\/\/dogmatix-hildesheim.de\/?page_id=55"},"modified":"2025-12-08T21:26:32","modified_gmt":"2025-12-08T19:26:32","slug":"gruppenkurse","status":"publish","type":"page","link":"https:\/\/dogmatix-hildesheim.de\/?page_id=55","title":{"rendered":"Gruppenkurse"},"content":{"rendered":"<div class=\"mp-row-fluid motopress-row mpce-dsbl-margin-left mpce-dsbl-margin-right\">\n<div class=\"motopress-clmn mp-span12  mpce-dsbl-margin-left mpce-dsbl-margin-right\">\n<div class=\"mp-row-fluid motopress-row mpce-dsbl-margin-left mpce-dsbl-margin-right\">\n<div class=\"motopress-clmn mp-span12 mpce-dsbl-margin-left mpce-dsbl-margin-right\">\n<div class=\"motopress-image-obj motopress-text-align-left\"><img decoding=\"async\" src=\"https:\/\/dogmatix-hildesheim.de\/wp-content\/uploads\/2018\/09\/Titelbild-2.jpg\" title=\"Titelbild\" alt=\"Titelbild\" class=\"motopress-image-obj-basic mpce-dsbl-margin-left mpce-dsbl-margin-right mpce-dsbl-margin-top mpce-dsbl-margin-bottom\" \/><\/div>\n<\/div>\n<\/div>\n<\/div>\n<\/div>\n<div class=\"mp-row-fluid motopress-row mpce-dsbl-margin-left mpce-dsbl-margin-right\">\n<div class=\"motopress-clmn mp-span6  mpce-dsbl-margin-left mpce-dsbl-margin-right\">\n<div class=\"mp-row-fluid motopress-row mpce-dsbl-margin-left mpce-dsbl-margin-right\">\n<div class=\"motopress-clmn mp-span12 mpce-dsbl-margin-left mpce-dsbl-margin-right\">\n<h2>Gruppenkurse<\/h2>\n<p>Hunde: geimpft und haftpflichtversichert, gesund<\/p>\n<ul>\n<li>6 Teams pro Stunde<\/li>\n<li>Dabei sein sollten Leckerlis und gute Laune<\/li>\n<li>Ort: Hundeplatz Wackenstedter Stieg 25, Hildesheim<\/li>\n<li>Eine <a href=\"https:\/\/dogmatix-hildesheim.de\/?page_id=208\">Anmeldung<\/a> ist zur Teilnahme erforderlich<\/li>\n<\/ul>\n<\/div>\n<\/div>\n<div class=\"mp-row-fluid motopress-row mpce-dsbl-margin-left mpce-dsbl-margin-right\">\n<div class=\"motopress-clmn mp-span12 mpce-dsbl-margin-left mpce-dsbl-margin-right\">\n<div class=\"motopress-accordion-obj motopress-accordion mp-theme-accordion-brand\" data-atts=\"{&quot;active&quot;:&quot;false&quot;,&quot;collapsible&quot;:true,&quot;header&quot;:&quot;&gt; div &gt; h3&quot;,&quot;heightStyle&quot;:&quot;content&quot;}\">\n<div class=\"motopress-accordion-item\"><h3>Welpen: \u201cDie wilden H\u00fchner\u201c <\/h3><div>\n<p>Die Welpenzeit ist die wichtigste Zeit f\u00fcr Ihren Hund, denn in dieser Zeit lernt er die Grundlagen f\u00fcr sein ganzes Leben. Damit sich Ihr Hund sp\u00e4ter in ungewohnten Situationen wohlf\u00fchlen kann und aufmerksam ist, \u00fcben wir das Grundgehorsam (Sitz,Platz ..) unter erschwerten Bedingungen.<\/p>\n<p>Diese Bedingungen sind Ablenkungen, wie beispielsweise unbekannte Ger\u00e4usche, Artgenossen und andere Menschen. Des Weiteren werden wir das Grundgehorsam an verschiedenen Orten trainieren, um Ihren Hund an neue Umgebungen zu gew\u00f6hnen. Durch dieses Training erlangt Ihr Welpe Selbstsicherheit und ist gewappnet f\u00fcr ein sicheres Auftreten im Alltag. Ich zeige Ihnen, wie Sie Ihren Hund besser verstehen, angemessen korrigieren und richtig belohnen k\u00f6nnen. Die Grundlagen des Kurses werden sowohl Halter als auch Hund auf spielerische Art und Weise n\u00e4hergebracht.<\/p>\n<p>Der Kurs umfasst 8 Termine.<\/p>\n<p>Den n\u00e4chsten Starttermin f\u00fcr den Welpenkurs k\u00f6nnen Sie der Rubrik <a href=\"https:\/\/dogmatix-hildesheim.de\/?page_id=57\">Termine<\/a> entnehmen.<\/p>\n<p>Die Kursgeb\u00fchr bel\u00e4uft sich auf 226,10 Euro (inkl. 19% MwSt.).<\/p>\n<\/div><\/div>\n<div class=\"motopress-accordion-item\"><h3>Junghundegruppe \u201eDie Horde\u201c <\/h3><div>\n<p>Alter: 16 Wochen bis 1 Jahr<\/p>\n<p>Die Welpenzeit ist vorbei, was passiert nun?<\/p>\n<p>In dieser Phase ihrer Entwicklung sind Hunde oft trotzig vor grenzenloser Energie und Neugier. Die vielen neuen, interessanten Reize aus der Umwelt sorgen f\u00fcr eine konstante Ablenkung, sodass Hunde gerne einmal Kommandos \u00fcberh\u00f6ren und\/oder ihre eigenen Grenzen diskutieren und austesten. Sie als Halter sollten nun ruhig, aber konsequent bleiben.<\/p>\n<p>In diesem Kurs zeige ich Ihnen, wie Sie die Neugier des jungen Hundes nutzen, um wieder spielerisch das Training aufzugreifen, fortzusetzen und auszubauen, damit der Alltag wieder harmonisch verlaufen kann und Sie sich zu einem tollen Hund-Mensch-Team entwickeln k\u00f6nnen. Themen des Kurses: Grundgehorsam, Lernen mit Ablenkung, Aufmerksamkeitstraining, Leinenfolgetraining, Impulskontrolle.<\/p>\n<p>Ein Kurs umfasst 8 Termine.<\/p>\n<p>Den Beginn der n\u00e4chsten Junghundegruppe k\u00f6nnen Sie in der Rubrik <a href=\"https:\/\/dogmatix-hildesheim.de\/?page_id=57\">Termine<\/a> finden.<\/p>\n<p>Die Kursgeb\u00fchr betr\u00e4gt 226,10 Euro (inkl. 19% MwSt.).<\/p>\n<\/div><\/div>\n<div class=\"motopress-accordion-item\"><h3>Parcours-Kurse<\/h3><div>\n<p>Dogmatix in Kooperation mit <a href=\"https:\/\/www.hundeschule-fit42.de\/Kursangebot\/parcourskurse\" target=\"_blank\" rel=\"noopener\">Hundeschule Fit 42<\/a><\/p>\n<p>\u00a0<\/p>\n<p>Nach \u201c Sitz, Platz, Fu\u00df \u201c gibt es noch so viel mehr&#8230;&#8230;&#8230;&#8230;<\/p>\n<p>Sie suchen nach einer sinnvollen Besch\u00e4ftigung und Auslastung f\u00fcr Ihren Hund, bei dem Sie gemeinsam Spa\u00df haben und neue Herausforderungen meistern? Mit den Parcours-Kursen haben Sie die M\u00f6glichkeit, den nat\u00fcrlichen Besch\u00e4ftigungs- und Bewegungsbed\u00fcrfnissen des Hundes entgegen zu kommen. Sie sind wie ein gro\u00dfer Erlebnisspielplatz, in dem sich Ihr Hund mit Ihnen zusammen neuen Herausforderungen stellen kann.<\/p>\n<p>Die Parcours-Kurse stehen f\u00fcr professionelles Fitnesstraining f\u00fcr Ihren Hund. Gleichzeitig k\u00f6nnen wir mit dem Training Gleichgewicht, Koordination, Selbstbewusstsein, Muskelaufbau sowie die Konzentration des Hundes und die Kooperation mit dem Menschen f\u00f6rdern. Jeder Hund soll die Aufgaben und Ger\u00e4te in seiner Zeit und seinem Tempo erkunden und bew\u00e4ltigen. Neben dem gesundheitlichen Rahmen wird auch die Bindung zwischen Mensch und Hund gest\u00e4rkt. Bei diesem Kurs geht es nicht um h\u00f6her, schneller, weiter, sondern um Konzentration, Ausdauer und die Kommunikation und Spa\u00df zwischen Mensch und Hund. Die nachfolgenden Kurse sind aufeinander aufbauend.<\/p>\n<p>Eine genaue Beschreibung der einzelnen Parcours-Kurse finden Sie auf der Seite der <a href=\"https:\/\/www.hundeschule-fit42.de\/parcours-kurse-agility-degility-hildesheim-hundeschule-fit42\">Hundeschule Fit 42<\/a>.<\/p>\n<p>\u00a0<\/p>\n<p>Kursinformationen<\/p>\n<p>Geeignet f\u00fcr Hunde ab 1. Jahr<\/p>\n<p>Gruppenunterricht mit 2 Trainern und 4 \u2013 5 Mensch Hund Teams<\/p>\n<p>6 Trainingseinheiten \u00e1 60 Minuten<\/p>\n<p>Kursgeb\u00fchr: \u20ac 180,00 incl. MwSt<\/p>\n<p>\u00a0<\/p>\n<p><span dir=\"ltr\" role=\"presentation\">Wir ben\u00f6tigen:<\/span><\/p>\n<p><span dir=\"ltr\" role=\"presentation\">Halsband oder Geschirr und 1- 2 Mtr. Leine<\/span><br role=\"presentation\" \/><span dir=\"ltr\" role=\"presentation\">Decke f\u00fcr Hund und Mensch<\/span><br role=\"presentation\" \/><span dir=\"ltr\" role=\"presentation\">Kleine Leckerchen<\/span><br role=\"presentation\" \/><span dir=\"ltr\" role=\"presentation\">Lieblings-Spielzeug des Hundes<\/span><br role=\"presentation\" \/><span dir=\"ltr\" role=\"presentation\">Wetterfeste, bequeme Kleidung<\/span><\/p>\n<\/div><\/div>\n<div class=\"motopress-accordion-item\"><h3>Longieren mit Hund \u201eDie Kreisg\u00e4nger\u201c <\/h3><div>\n<p>Alle Hunde jeder Rasse und jeden Alters sind in diesem Training herzlich willkommen!<\/p>\n<p>Bei dem Longieren geht es um die Kommunikation zwischen Mensch und Hund auf Distanz. Voraussetzung hierf\u00fcr ist, dass der Hund sehr aufmerksam ist, da der Halter nonverbale Kommandos senden wird. Dies muss allerdings langsam aufgebaut werden, da das Arbeiten auf Distanz sowohl f\u00fcr Hund als auch Mensch eine gro\u00dfe Herausforderung darstellt.<\/p>\n<p>Durch das gemeinsame Training werden Sie und Ihr Hund sich zu einem tollen Team entwickeln und das beidseitige Vertrauen ineinander best\u00e4rken. Das Longieren ist f\u00fcr Ihren Hund eine fantastische M\u00f6glichkeit, um sich ausgezeichnet auszulasten. Zudem ist es garantiert ein Spa\u00df f\u00fcr Hund und Halter!<\/p>\n<p>Die Longiergruppe besteht aus 5 Terminen.<\/p>\n<p>Den Beginn der n\u00e4chsten Longiergruppe finden Sie in der Rubrik <a href=\"https:\/\/dogmatix-hildesheim.de\/?page_id=57\">Termine<\/a>. <\/p>\n<\/div><\/div>\n<div class=\"motopress-accordion-item\"><h3>Social Walk<\/h3><div>\n<p>Der Social Walk ist ein Trainingsspaziergang, bei dem das Verhalten des Hundes in einer Gruppe positiv beeinflusst werden soll. Der gemeinsame Spaziergang verbessert das Sozialverhalten Ihres Hundes gegen\u00fcber seinen Artgenossen und sorgt so daf\u00fcr, dass sich Ihr Liebling langfristig entspannter und selbstsicherer f\u00fchlt. <\/p>\n<p>Der Social Walk ist sowohl f\u00fcr Anf\u00e4nger, als auch f\u00fcr Fortgeschrittene geeignet. Das Training findet an wechselnden Orten statt.<\/p>\n<\/div><\/div>\n<div class=\"motopress-accordion-item\"><h3>Freilaufgruppe<\/h3><div>\n<p>In der Freilaufgruppe kann Ihr Hund das unbeschwerte, soziale Spielen mit seinen Artgenossen unter Beaufsichtigung ausleben und in vollen Z\u00fcgen genie\u00dfen. W\u00e4hrend des Trainings wird Ihnen das Sozialverhalten Ihres Tieres erl\u00e4utert, sodass Sie ein besseres Verst\u00e4ndnis erlangen. <\/p>\n<p>Die Freilaufgruppe wird aufgeteilt in kleine und gro\u00dfe Hunde, sodass sich Ihr Tier im Umgang mit seinen Artgenossen sicher f\u00fchlen kann. Zudem findet die Freilaufgruppe immer auf einem eingez\u00e4untem Gel\u00e4nde statt, sodass ein sicheres Spielen m\u00f6glich ist. <\/p>\n<\/div><\/div>\n<\/div>\n<\/div>\n<\/div>\n<\/div>\n<div class=\"motopress-clmn mp-span6  mpce-dsbl-margin-left mpce-dsbl-margin-right\">\n<div class=\"mp-row-fluid motopress-row mpce-dsbl-margin-left mpce-dsbl-margin-right\">\n<div class=\"motopress-clmn mp-span12 mpce-dsbl-margin-left mpce-dsbl-margin-right\">\n<div class=\"motopress-image-obj motopress-text-align-left\"><img decoding=\"async\" src=\"https:\/\/dogmatix-hildesheim.de\/wp-content\/uploads\/2018\/09\/Gruppenkurse.jpg\" title=\"Gruppenkurse\" alt=\"Gruppenkurse\" class=\"motopress-image-obj-basic mpce-dsbl-margin-left mpce-dsbl-margin-right mpce-dsbl-margin-top mpce-dsbl-margin-bottom\" \/><\/div>\n<\/div>\n<\/div>\n<div class=\"mp-row-fluid motopress-row mpce-dsbl-margin-left mpce-dsbl-margin-right\">\n<div class=\"motopress-clmn mp-span12 mpce-dsbl-margin-left mpce-dsbl-margin-right\">\n<div class=\"motopress-image-obj motopress-text-align-left\"><img decoding=\"async\" src=\"https:\/\/dogmatix-hildesheim.de\/wp-content\/uploads\/2018\/09\/Einzeltraining.jpg\" title=\"Einzeltraining\" alt=\"Einzeltraining\" class=\"motopress-image-obj-basic mpce-dsbl-margin-left mpce-dsbl-margin-right mpce-dsbl-margin-top mpce-dsbl-margin-bottom\" \/><\/div>\n<\/div>\n<\/div>\n<\/div>\n<\/div>\n","protected":false},"excerpt":{"rendered":"Gruppenkurse Hunde: geimpft und haftpflichtversichert, gesund 6 Teams pro Stunde Dabei sein sollten [&hellip;]","protected":false},"author":1,"featured_media":0,"parent":0,"menu_order":0,"comment_status":"closed","ping_status":"closed","template":"","meta":{"footnotes":""},"class_list":["post-55","page","type-page","status-publish","hentry"],"_links":{"self":[{"href":"https:\/\/dogmatix-hildesheim.de\/index.php?rest_route=\/wp\/v2\/pages\/55","targetHints":{"allow":["GET"]}}],"collection":[{"href":"https:\/\/dogmatix-hildesheim.de\/index.php?rest_route=\/wp\/v2\/pages"}],"about":[{"href":"https:\/\/dogmatix-hildesheim.de\/index.php?rest_route=\/wp\/v2\/types\/page"}],"author":[{"embeddable":true,"href":"https:\/\/dogmatix-hildesheim.de\/index.php?rest_route=\/wp\/v2\/users\/1"}],"replies":[{"embeddable":true,"href":"https:\/\/dogmatix-hildesheim.de\/index.php?rest_route=%2Fwp%2Fv2%2Fcomments&post=55"}],"version-history":[{"count":51,"href":"https:\/\/dogmatix-hildesheim.de\/index.php?rest_route=\/wp\/v2\/pages\/55\/revisions"}],"predecessor-version":[{"id":1410,"href":"https:\/\/dogmatix-hildesheim.de\/index.php?rest_route=\/wp\/v2\/pages\/55\/revisions\/1410"}],"wp:attachment":[{"href":"https:\/\/dogmatix-hildesheim.de\/index.php?rest_route=%2Fwp%2Fv2%2Fmedia&parent=55"}],"curies":[{"name":"wp","href":"https:\/\/api.w.org\/{rel}","templated":true}]}}