{"id":57,"date":"2018-09-17T07:42:27","date_gmt":"2018-09-17T07:42:27","guid":{"rendered":"https:\/\/dogmatix-hildesheim.de\/?page_id=57"},"modified":"2026-03-15T20:04:30","modified_gmt":"2026-03-15T18:04:30","slug":"veranstaltungen","status":"publish","type":"page","link":"https:\/\/dogmatix-hildesheim.de\/?page_id=57","title":{"rendered":"Termine"},"content":{"rendered":"<div class=\"mp-row-fluid motopress-row mpce-dsbl-margin-left mpce-dsbl-margin-right\">\n\n<div class=\"motopress-clmn mp-span12  mpce-dsbl-margin-left mpce-dsbl-margin-right\">\n\n<p><strong>31.05.2026, 10 Uhr: Welpengruppe, Wackenstedter Stieg 25, 31135 Hildesheim<\/strong><\/p>\n<p>Folgetermine immer Sonntags um 10 Uhr<\/p>\n<p>(31.05., 07.06., 14.06., 21.06., 28.06., 05.07., 12.07., 19.07.)<\/p>\n<p>\u00a0<\/p>\n<p><strong>31.05.2026, <\/strong><strong>11 Uhr: Junghundegruppe Anf\u00e4nger, Wackenstedter Stieg 25, 31135 Hildesheim<\/strong><\/p>\n<p>Folgetermine immer Sonntags um 11 Uhr<\/p>\n<p>(31.05., 07.06., 14.06., 21.06., 28.06., 05.07., 12.07., 19.07.)<\/p>\n<p>\u00a0<\/p>\n<p><strong>31.05.2026, <\/strong><strong>12 Uhr: Junghundegruppe Fortgeschrittene, Wackenstedter Stieg 25, 31135 Hildesheim<\/strong><\/p>\n<p>Folgetermine immer Sonntags um 12 Uhr<\/p>\n<p>(31.05., 07.06., 14.06., 21.06., 28.06., 05.07., 12.07., 19.07.)<\/p>\n<p>\u00a0<\/p>\n<p><strong>22.03.2026, 10 Uhr: Welpengruppe, Wackenstedter Stieg 25, 31135 Hildesheim<\/strong><\/p>\n<p>Folgetermine immer Sonntags um 10 Uhr<\/p>\n<p>(22.03., 29.03., 05.04., 12.04., 19.04., 26.04., 03.05., 10.05.)<\/p>\n<p>\u00a0<\/p>\n<p><strong>22.03.2026, 11 Uhr: Junghundegruppe Anf\u00e4nger, Wackenstedter Stieg 25, 31135 Hildesheim<\/strong><\/p>\n<p>Folgetermine immer Sonntags um 11 Uhr<\/p>\n<p>(22.03., 29.03., 05.04., 12.04., 19.04., 26.04., 03.05., 10.05.)<\/p>\n<p>\u00a0<\/p>\n<p><strong>22.03.2026, 12 Uhr: Junghundegruppe Fortgeschrittene, Wackenstedter Stieg 25, 31135 Hildesheim<\/strong><\/p>\n<p>Folgetermine immer Sonntags um 12 Uhr<\/p>\n<p>(22.03., 29.03., 05.04., 12.04., 19.04., 26.04., 03.05., 10.05.)<\/p>\n<p>\u00a0<\/p>\n<p><strong>Jeden Freitag 18 &#8211; 19 Uhr: Freilaufgruppe gro\u00dfe Hunde, Wackenstedter Stieg 25, 31135 Hildesheim<br \/><\/strong><\/p>\n<p>Auf eingez\u00e4untem Gel\u00e4nde<\/p>\n<p>\u00a0<\/p>\n<p><strong>Jeden Mittwoch 18 &#8211; 19 Uhr: Freilaufgruppe kleine Hunde, Wackenstedter Stieg 25, 31135 Hildesheim<br \/><\/strong><\/p>\n<p>Auf eingez\u00e4untem Gel\u00e4nde<\/p>\n<p>\u00a0<\/p>\n<p><\/p>\n<p class=\"has-small-font-size\"><em>Alle Termine sind vorl\u00e4ufig und k\u00f6nnen ggf. abweichen. Sollte eine Terminverschiebung stattfinden, so werden die Teilnehmer hier\u00fcber rechtzeitig in Kenntnis gesetzt.<\/em><\/p>\n<p><\/p>\n\n<\/div>\n\n<\/div>","protected":false},"excerpt":{"rendered":"31.05.2026, 10 Uhr: Welpengruppe, Wackenstedter Stieg 25, 31135 Hildesheim Folgetermine immer Sonntags um [&hellip;]","protected":false},"author":1,"featured_media":0,"parent":0,"menu_order":0,"comment_status":"closed","ping_status":"closed","template":"","meta":{"footnotes":""},"class_list":["post-57","page","type-page","status-publish","hentry"],"_links":{"self":[{"href":"https:\/\/dogmatix-hildesheim.de\/index.php?rest_route=\/wp\/v2\/pages\/57","targetHints":{"allow":["GET"]}}],"collection":[{"href":"https:\/\/dogmatix-hildesheim.de\/index.php?rest_route=\/wp\/v2\/pages"}],"about":[{"href":"https:\/\/dogmatix-hildesheim.de\/index.php?rest_route=\/wp\/v2\/types\/page"}],"author":[{"embeddable":true,"href":"https:\/\/dogmatix-hildesheim.de\/index.php?rest_route=\/wp\/v2\/users\/1"}],"replies":[{"embeddable":true,"href":"https:\/\/dogmatix-hildesheim.de\/index.php?rest_route=%2Fwp%2Fv2%2Fcomments&post=57"}],"version-history":[{"count":110,"href":"https:\/\/dogmatix-hildesheim.de\/index.php?rest_route=\/wp\/v2\/pages\/57\/revisions"}],"predecessor-version":[{"id":1429,"href":"https:\/\/dogmatix-hildesheim.de\/index.php?rest_route=\/wp\/v2\/pages\/57\/revisions\/1429"}],"wp:attachment":[{"href":"https:\/\/dogmatix-hildesheim.de\/index.php?rest_route=%2Fwp%2Fv2%2Fmedia&parent=57"}],"curies":[{"name":"wp","href":"https:\/\/api.w.org\/{rel}","templated":true}]}}